{"id":11,"date":"2020-10-30T19:19:20","date_gmt":"2020-10-30T19:19:20","guid":{"rendered":"https:\/\/zemljoposrednik.rs\/kontakt\/?page_id=11"},"modified":"2021-01-16T18:38:25","modified_gmt":"2021-01-16T18:38:25","slug":"pitanja-i-odgovori-mediji","status":"publish","type":"page","link":"https:\/\/zemljoposrednik.rs\/kontakt\/pitanja-i-odgovori-mediji\/","title":{"rendered":"Pitanja i odgovori &#8211; Mediji"},"content":{"rendered":"\t\t<div data-elementor-type=\"wp-page\" data-elementor-id=\"11\" class=\"elementor elementor-11\" data-elementor-settings=\"[]\">\n\t\t\t\t\t\t<div class=\"elementor-inner\">\n\t\t\t\t\t\t\t<div class=\"elementor-section-wrap\">\n\t\t\t\t\t\t\t<section class=\"elementor-section elementor-top-section elementor-element elementor-element-93f28d0 elementor-section-boxed elementor-section-height-default elementor-section-height-default elementor-invisible\" data-id=\"93f28d0\" data-element_type=\"section\" data-settings=\"{&quot;animation&quot;:&quot;fadeIn&quot;}\">\n\t\t\t\t\t\t<div class=\"elementor-container elementor-column-gap-default\">\n\t\t\t\t\t\t\t<div class=\"elementor-row\">\n\t\t\t\t\t<div class=\"elementor-column elementor-col-100 elementor-top-column elementor-element elementor-element-d04d48c\" data-id=\"d04d48c\" data-element_type=\"column\">\n\t\t\t<div class=\"elementor-column-wrap elementor-element-populated\">\n\t\t\t\t\t\t\t<div class=\"elementor-widget-wrap\">\n\t\t\t\t\t\t<div class=\"elementor-element elementor-element-564fdfe elementor-widget elementor-widget-shortcode\" data-id=\"564fdfe\" data-element_type=\"widget\" data-widget_type=\"shortcode.default\">\n\t\t\t\t<div class=\"elementor-widget-container\">\n\t\t\t\t\t<div class=\"elementor-shortcode\"><div role=\"form\" class=\"wpcf7\" id=\"wpcf7-f49-o1\" lang=\"en-US\" dir=\"ltr\">\n<div class=\"screen-reader-response\"><p role=\"status\" aria-live=\"polite\" aria-atomic=\"true\"><\/p> <ul><\/ul><\/div>\n<form action=\"\/kontakt\/wp-json\/wp\/v2\/pages\/11#wpcf7-f49-o1\" method=\"post\" class=\"wpcf7-form init\" novalidate=\"novalidate\" data-status=\"init\">\n<div style=\"display: none;\">\n<input type=\"hidden\" name=\"_wpcf7\" value=\"49\" \/>\n<input type=\"hidden\" name=\"_wpcf7_version\" value=\"5.4\" \/>\n<input type=\"hidden\" name=\"_wpcf7_locale\" value=\"en_US\" \/>\n<input type=\"hidden\" name=\"_wpcf7_unit_tag\" value=\"wpcf7-f49-o1\" \/>\n<input type=\"hidden\" name=\"_wpcf7_container_post\" value=\"0\" \/>\n<input type=\"hidden\" name=\"_wpcf7_posted_data_hash\" value=\"\" \/>\n<\/div>\n<h1>Postavite nam pitanje!<\/h1>\n<p>Stupite u komunikaciju kao \u010dlan redakcije medijske ku\u0107e i rado \u0107emo Vam odgovoriti na sva postavljena pitanja.<\/br>Polja ozna\u010dena sa <span style=\"color:#FF0000;\">*<\/span> su obavezna.<\/p>\n<p><label> Ime i prezime<span style=\"color:#FF0000;\">*<\/span><br \/>\n    <span class=\"wpcf7-form-control-wrap your-name\"><input type=\"text\" name=\"your-name\" value=\"\" size=\"40\" class=\"wpcf7-form-control wpcf7-text wpcf7-validates-as-required\" autocomplete=\"name\" aria-required=\"true\" aria-invalid=\"false\" \/><\/span> <\/label><\/p>\n<p><label> Email adresa<span style=\"color:#FF0000;\">*<\/span><br \/>\n    <span class=\"wpcf7-form-control-wrap your-email\"><input type=\"email\" name=\"your-email\" value=\"\" size=\"40\" class=\"wpcf7-form-control wpcf7-text wpcf7-email wpcf7-validates-as-required wpcf7-validates-as-email\" autocomplete=\"email\" aria-required=\"true\" aria-invalid=\"false\" \/><\/span> <\/label><\/p>\n<p><label> Medijska ku\u0107a<span style=\"color:#FF0000;\">*<\/span><br \/>\n    <span class=\"wpcf7-form-control-wrap medijska-kuca\"><input type=\"text\" name=\"medijska-kuca\" value=\"\" size=\"40\" class=\"wpcf7-form-control wpcf7-text wpcf7-validates-as-required\" aria-required=\"true\" aria-invalid=\"false\" \/><\/span> <\/label><\/p>\n<p><label> Poruka<span style=\"color:#FF0000;\">*<\/span><br \/>\n    <span class=\"wpcf7-form-control-wrap poruka\"><textarea name=\"poruka\" cols=\"40\" rows=\"10\" class=\"wpcf7-form-control wpcf7-textarea wpcf7-validates-as-required\" aria-required=\"true\" aria-invalid=\"false\" placeholder=\"Unesite Va\u0161e pitanje ili poruku\"><\/textarea><\/span> <\/label><\/p>\n<p><label> Klikom na \u201cPrihvatam saglasnost\u201d potvr\u0111ujem da sam pro\u010ditao\/la navedene uslove i da dajem svoju saglasnost da se moji podaci o li\u010dnosti koriste u skladu sa \"<a href=\"https:\/\/zemljoposrednik.rs\/politika-privatnosti.html\">Politikom privatnosti<\/a>\" platforme Zemljoposrednik.<br \/>\n    <span class=\"wpcf7-form-control-wrap saglasnost\"><span class=\"wpcf7-form-control wpcf7-acceptance\"><span class=\"wpcf7-list-item\"><input type=\"checkbox\" name=\"saglasnost\" value=\"1\" aria-invalid=\"false\" \/><\/span><\/span><\/span> Prihvatam saglasnost<span style=\"color:#FF0000;\">*<\/span><\/label><\/p>\n<p><input type=\"submit\" value=\"Po\u0161alji poruku!\" class=\"wpcf7-form-control wpcf7-submit\" \/><\/p>\n<div class=\"wpcf7-response-output\" aria-hidden=\"true\"><\/div><\/form><\/div><\/div>\n\t\t\t\t<\/div>\n\t\t\t\t<\/div>\n\t\t\t\t\t\t<\/div>\n\t\t\t\t\t<\/div>\n\t\t<\/div>\n\t\t\t\t\t\t\t\t<\/div>\n\t\t\t\t\t<\/div>\n\t\t<\/section>\n\t\t\t\t\t\t<\/div>\n\t\t\t\t\t\t<\/div>\n\t\t\t\t\t<\/div>\n\t\t","protected":false},"excerpt":{"rendered":"","protected":false},"author":1,"featured_media":121,"parent":0,"menu_order":0,"comment_status":"closed","ping_status":"closed","template":"","meta":[],"yoast_head":"<!-- This site is optimized with the Yoast SEO plugin v15.9.1 - https:\/\/yoast.com\/wordpress\/plugins\/seo\/ -->\n<title>Pitanja i odgovori - Mediji - Zemljoposrednik<\/title>\n<link rel=\"canonical\" href=\"https:\/\/zemljoposrednik.rs\/kontakt\/pitanja-i-odgovori-mediji\/\" \/>\n<meta property=\"og:locale\" content=\"en_US\" \/>\n<meta property=\"og:type\" content=\"article\" \/>\n<meta property=\"og:title\" content=\"Pitanja i odgovori - Mediji - Zemljoposrednik\" \/>\n<meta property=\"og:url\" content=\"https:\/\/zemljoposrednik.rs\/kontakt\/pitanja-i-odgovori-mediji\/\" \/>\n<meta property=\"og:site_name\" content=\"Zemljoposrednik\" \/>\n<meta property=\"article:modified_time\" content=\"2021-01-16T18:38:25+00:00\" \/>\n<meta property=\"og:image\" content=\"https:\/\/zemljoposrednik.rs\/kontakt\/wp-content\/uploads\/2021\/01\/logo-braon.png\" \/>\n\t<meta property=\"og:image:width\" content=\"1500\" \/>\n\t<meta property=\"og:image:height\" content=\"459\" \/>\n<meta name=\"twitter:card\" content=\"summary_large_image\" \/>\n<script type=\"application\/ld+json\" class=\"yoast-schema-graph\">{\"@context\":\"https:\/\/schema.org\",\"@graph\":[{\"@type\":\"WebSite\",\"@id\":\"https:\/\/zemljoposrednik.rs\/kontakt\/#website\",\"url\":\"https:\/\/zemljoposrednik.rs\/kontakt\/\",\"name\":\"Zemljoposrednik\",\"description\":\"1# besplatna platforma za licitiranje zemlji\\u0161ta\",\"potentialAction\":[{\"@type\":\"SearchAction\",\"target\":\"https:\/\/zemljoposrednik.rs\/kontakt\/?s={search_term_string}\",\"query-input\":\"required name=search_term_string\"}],\"inLanguage\":\"en-US\"},{\"@type\":\"ImageObject\",\"@id\":\"https:\/\/zemljoposrednik.rs\/kontakt\/pitanja-i-odgovori-mediji\/#primaryimage\",\"inLanguage\":\"en-US\",\"url\":\"https:\/\/zemljoposrednik.rs\/kontakt\/wp-content\/uploads\/2021\/01\/logo-braon.png\",\"width\":1500,\"height\":459},{\"@type\":\"WebPage\",\"@id\":\"https:\/\/zemljoposrednik.rs\/kontakt\/pitanja-i-odgovori-mediji\/#webpage\",\"url\":\"https:\/\/zemljoposrednik.rs\/kontakt\/pitanja-i-odgovori-mediji\/\",\"name\":\"Pitanja i odgovori - Mediji - Zemljoposrednik\",\"isPartOf\":{\"@id\":\"https:\/\/zemljoposrednik.rs\/kontakt\/#website\"},\"primaryImageOfPage\":{\"@id\":\"https:\/\/zemljoposrednik.rs\/kontakt\/pitanja-i-odgovori-mediji\/#primaryimage\"},\"datePublished\":\"2020-10-30T19:19:20+00:00\",\"dateModified\":\"2021-01-16T18:38:25+00:00\",\"breadcrumb\":{\"@id\":\"https:\/\/zemljoposrednik.rs\/kontakt\/pitanja-i-odgovori-mediji\/#breadcrumb\"},\"inLanguage\":\"en-US\",\"potentialAction\":[{\"@type\":\"ReadAction\",\"target\":[\"https:\/\/zemljoposrednik.rs\/kontakt\/pitanja-i-odgovori-mediji\/\"]}]},{\"@type\":\"BreadcrumbList\",\"@id\":\"https:\/\/zemljoposrednik.rs\/kontakt\/pitanja-i-odgovori-mediji\/#breadcrumb\",\"itemListElement\":[{\"@type\":\"ListItem\",\"position\":1,\"item\":{\"@type\":\"WebPage\",\"@id\":\"https:\/\/zemljoposrednik.rs\/kontakt\/\",\"url\":\"https:\/\/zemljoposrednik.rs\/kontakt\/\",\"name\":\"Home\"}},{\"@type\":\"ListItem\",\"position\":2,\"item\":{\"@type\":\"WebPage\",\"@id\":\"https:\/\/zemljoposrednik.rs\/kontakt\/pitanja-i-odgovori-mediji\/\",\"url\":\"https:\/\/zemljoposrednik.rs\/kontakt\/pitanja-i-odgovori-mediji\/\",\"name\":\"Pitanja i odgovori &#8211; Mediji\"}}]}]}<\/script>\n<!-- \/ Yoast SEO plugin. -->","_links":{"self":[{"href":"https:\/\/zemljoposrednik.rs\/kontakt\/wp-json\/wp\/v2\/pages\/11"}],"collection":[{"href":"https:\/\/zemljoposrednik.rs\/kontakt\/wp-json\/wp\/v2\/pages"}],"about":[{"href":"https:\/\/zemljoposrednik.rs\/kontakt\/wp-json\/wp\/v2\/types\/page"}],"author":[{"embeddable":true,"href":"https:\/\/zemljoposrednik.rs\/kontakt\/wp-json\/wp\/v2\/users\/1"}],"replies":[{"embeddable":true,"href":"https:\/\/zemljoposrednik.rs\/kontakt\/wp-json\/wp\/v2\/comments?post=11"}],"version-history":[{"count":3,"href":"https:\/\/zemljoposrednik.rs\/kontakt\/wp-json\/wp\/v2\/pages\/11\/revisions"}],"predecessor-version":[{"id":53,"href":"https:\/\/zemljoposrednik.rs\/kontakt\/wp-json\/wp\/v2\/pages\/11\/revisions\/53"}],"wp:featuredmedia":[{"embeddable":true,"href":"https:\/\/zemljoposrednik.rs\/kontakt\/wp-json\/wp\/v2\/media\/121"}],"wp:attachment":[{"href":"https:\/\/zemljoposrednik.rs\/kontakt\/wp-json\/wp\/v2\/media?parent=11"}],"curies":[{"name":"wp","href":"https:\/\/api.w.org\/{rel}","templated":true}]}}