{"id":98,"date":"2020-11-26T10:02:36","date_gmt":"2020-11-26T10:02:36","guid":{"rendered":"https:\/\/zemljoposrednik.rs\/registracija\/?page_id=98"},"modified":"2021-01-16T18:33:23","modified_gmt":"2021-01-16T18:33:23","slug":"stranica-nije-pronadjena","status":"publish","type":"page","link":"https:\/\/zemljoposrednik.rs\/registracija\/stranica-nije-pronadjena\/","title":{"rendered":"Stranica nije prona\u0111ena"},"content":{"rendered":"\t\t<div data-elementor-type=\"wp-page\" data-elementor-id=\"98\" class=\"elementor elementor-98\" data-elementor-settings=\"[]\">\n\t\t\t\t\t\t<div class=\"elementor-inner\">\n\t\t\t\t\t\t\t<div class=\"elementor-section-wrap\">\n\t\t\t\t\t\t\t<section class=\"elementor-section elementor-top-section elementor-element elementor-element-b45c294 elementor-section-content-middle elementor-section-boxed elementor-section-height-default elementor-section-height-default\" data-id=\"b45c294\" data-element_type=\"section\">\n\t\t\t\t\t\t<div class=\"elementor-container elementor-column-gap-default\">\n\t\t\t\t\t\t\t<div class=\"elementor-row\">\n\t\t\t\t\t<div class=\"elementor-column elementor-col-100 elementor-top-column elementor-element elementor-element-43c4f56\" data-id=\"43c4f56\" data-element_type=\"column\">\n\t\t\t<div class=\"elementor-column-wrap elementor-element-populated\">\n\t\t\t\t\t\t\t<div class=\"elementor-widget-wrap\">\n\t\t\t\t\t\t<div class=\"elementor-element elementor-element-c5c0ae6 elementor-widget elementor-widget-heading\" data-id=\"c5c0ae6\" data-element_type=\"widget\" data-widget_type=\"heading.default\">\n\t\t\t\t<div class=\"elementor-widget-container\">\n\t\t\t<h1 class=\"elementor-heading-title elementor-size-default\">404<\/h1>\t\t<\/div>\n\t\t\t\t<\/div>\n\t\t\t\t<div class=\"elementor-element elementor-element-294e9b5 elementor-widget elementor-widget-heading\" data-id=\"294e9b5\" data-element_type=\"widget\" data-widget_type=\"heading.default\">\n\t\t\t\t<div class=\"elementor-widget-container\">\n\t\t\t<h2 class=\"elementor-heading-title elementor-size-default\">\u017dao nam je, stranica koju ste tra\u017eili nije prona\u0111ena.<\/h2>\t\t<\/div>\n\t\t\t\t<\/div>\n\t\t\t\t<div class=\"elementor-element elementor-element-74cdc73 elementor-align-center elementor-widget elementor-widget-button\" data-id=\"74cdc73\" data-element_type=\"widget\" data-widget_type=\"button.default\">\n\t\t\t\t<div class=\"elementor-widget-container\">\n\t\t\t\t\t<div class=\"elementor-button-wrapper\">\n\t\t\t<a href=\"https:\/\/zemljoposrednik.rs\/\" class=\"elementor-button-link elementor-button elementor-size-sm\" role=\"button\">\n\t\t\t\t\t\t<span class=\"elementor-button-content-wrapper\">\n\t\t\t\t\t\t<span class=\"elementor-button-text\">Nazad na naslovnu<\/span>\n\t\t<\/span>\n\t\t\t\t\t<\/a>\n\t\t<\/div>\n\t\t\t\t<\/div>\n\t\t\t\t<\/div>\n\t\t\t\t\t\t<\/div>\n\t\t\t\t\t<\/div>\n\t\t<\/div>\n\t\t\t\t\t\t\t\t<\/div>\n\t\t\t\t\t<\/div>\n\t\t<\/section>\n\t\t\t\t\t\t<\/div>\n\t\t\t\t\t\t<\/div>\n\t\t\t\t\t<\/div>\n\t\t","protected":false},"excerpt":{"rendered":"<p>404 \u017dao nam je, stranica koju ste tra\u017eili nije prona\u0111ena. Nazad na naslovnu<\/p>\n","protected":false},"author":1,"featured_media":123,"parent":0,"menu_order":0,"comment_status":"closed","ping_status":"closed","template":"","meta":[],"yoast_head":"<!-- This site is optimized with the Yoast SEO plugin v15.9.1 - https:\/\/yoast.com\/wordpress\/plugins\/seo\/ -->\n<title>Stranica nije prona\u0111ena - Zemljoposrednik<\/title>\n<meta property=\"og:locale\" content=\"en_US\" \/>\n<meta property=\"og:type\" content=\"article\" \/>\n<meta property=\"og:title\" content=\"Stranica nije prona\u0111ena - Zemljoposrednik\" \/>\n<meta property=\"og:description\" content=\"404 \u017dao nam je, stranica koju ste tra\u017eili nije prona\u0111ena. Nazad na naslovnu\" \/>\n<meta property=\"og:url\" content=\"https:\/\/zemljoposrednik.rs\/registracija\/stranica-nije-pronadjena\/\" \/>\n<meta property=\"og:site_name\" content=\"Zemljoposrednik\" \/>\n<meta property=\"article:modified_time\" content=\"2021-01-16T18:33:23+00:00\" \/>\n<meta property=\"og:image\" content=\"https:\/\/zemljoposrednik.rs\/registracija\/wp-content\/uploads\/2021\/01\/logo-braon.png\" \/>\n\t<meta property=\"og:image:width\" content=\"1500\" \/>\n\t<meta property=\"og:image:height\" content=\"459\" \/>\n<meta name=\"twitter:card\" content=\"summary_large_image\" \/>\n<script type=\"application\/ld+json\" class=\"yoast-schema-graph\">{\"@context\":\"https:\/\/schema.org\",\"@graph\":[{\"@type\":\"WebSite\",\"@id\":\"https:\/\/zemljoposrednik.rs\/registracija\/#website\",\"url\":\"https:\/\/zemljoposrednik.rs\/registracija\/\",\"name\":\"Zemljoposrednik\",\"description\":\"1# besplatna platforma za licitiranje zemlji\\u0161ta\",\"potentialAction\":[{\"@type\":\"SearchAction\",\"target\":\"https:\/\/zemljoposrednik.rs\/registracija\/?s={search_term_string}\",\"query-input\":\"required name=search_term_string\"}],\"inLanguage\":\"en-US\"},{\"@type\":\"ImageObject\",\"@id\":\"https:\/\/zemljoposrednik.rs\/registracija\/stranica-nije-pronadjena\/#primaryimage\",\"inLanguage\":\"en-US\",\"url\":\"https:\/\/zemljoposrednik.rs\/registracija\/wp-content\/uploads\/2021\/01\/logo-braon.png\",\"width\":1500,\"height\":459},{\"@type\":\"WebPage\",\"@id\":\"https:\/\/zemljoposrednik.rs\/registracija\/stranica-nije-pronadjena\/#webpage\",\"url\":\"https:\/\/zemljoposrednik.rs\/registracija\/stranica-nije-pronadjena\/\",\"name\":\"Stranica nije prona\\u0111ena - Zemljoposrednik\",\"isPartOf\":{\"@id\":\"https:\/\/zemljoposrednik.rs\/registracija\/#website\"},\"primaryImageOfPage\":{\"@id\":\"https:\/\/zemljoposrednik.rs\/registracija\/stranica-nije-pronadjena\/#primaryimage\"},\"datePublished\":\"2020-11-26T10:02:36+00:00\",\"dateModified\":\"2021-01-16T18:33:23+00:00\",\"breadcrumb\":{\"@id\":\"https:\/\/zemljoposrednik.rs\/registracija\/stranica-nije-pronadjena\/#breadcrumb\"},\"inLanguage\":\"en-US\",\"potentialAction\":[{\"@type\":\"ReadAction\",\"target\":[\"https:\/\/zemljoposrednik.rs\/registracija\/stranica-nije-pronadjena\/\"]}]},{\"@type\":\"BreadcrumbList\",\"@id\":\"https:\/\/zemljoposrednik.rs\/registracija\/stranica-nije-pronadjena\/#breadcrumb\",\"itemListElement\":[{\"@type\":\"ListItem\",\"position\":1,\"item\":{\"@type\":\"WebPage\",\"@id\":\"https:\/\/zemljoposrednik.rs\/registracija\/\",\"url\":\"https:\/\/zemljoposrednik.rs\/registracija\/\",\"name\":\"Home\"}},{\"@type\":\"ListItem\",\"position\":2,\"item\":{\"@type\":\"WebPage\",\"@id\":\"https:\/\/zemljoposrednik.rs\/registracija\/stranica-nije-pronadjena\/\",\"url\":\"https:\/\/zemljoposrednik.rs\/registracija\/stranica-nije-pronadjena\/\",\"name\":\"Stranica nije prona\\u0111ena\"}}]}]}<\/script>\n<!-- \/ Yoast SEO plugin. -->","_links":{"self":[{"href":"https:\/\/zemljoposrednik.rs\/registracija\/wp-json\/wp\/v2\/pages\/98"}],"collection":[{"href":"https:\/\/zemljoposrednik.rs\/registracija\/wp-json\/wp\/v2\/pages"}],"about":[{"href":"https:\/\/zemljoposrednik.rs\/registracija\/wp-json\/wp\/v2\/types\/page"}],"author":[{"embeddable":true,"href":"https:\/\/zemljoposrednik.rs\/registracija\/wp-json\/wp\/v2\/users\/1"}],"replies":[{"embeddable":true,"href":"https:\/\/zemljoposrednik.rs\/registracija\/wp-json\/wp\/v2\/comments?post=98"}],"version-history":[{"count":9,"href":"https:\/\/zemljoposrednik.rs\/registracija\/wp-json\/wp\/v2\/pages\/98\/revisions"}],"predecessor-version":[{"id":118,"href":"https:\/\/zemljoposrednik.rs\/registracija\/wp-json\/wp\/v2\/pages\/98\/revisions\/118"}],"wp:featuredmedia":[{"embeddable":true,"href":"https:\/\/zemljoposrednik.rs\/registracija\/wp-json\/wp\/v2\/media\/123"}],"wp:attachment":[{"href":"https:\/\/zemljoposrednik.rs\/registracija\/wp-json\/wp\/v2\/media?parent=98"}],"curies":[{"name":"wp","href":"https:\/\/api.w.org\/{rel}","templated":true}]}}